{"id":4438,"date":"2026-01-26T13:29:41","date_gmt":"2026-01-26T13:29:41","guid":{"rendered":"https:\/\/www.wordmeld.cards\/pravidla-aplikace-wordmeld\/"},"modified":"2026-02-23T14:55:33","modified_gmt":"2026-02-23T14:55:33","slug":"pravidla-aplikace-wordmeld","status":"publish","type":"page","link":"https:\/\/www.wordmeld.cards\/cs\/pravidla-aplikace-wordmeld\/","title":{"rendered":"Pravidla kartov\u00e9 hry WordMeld"},"content":{"rendered":"\t\t<div data-elementor-type=\"wp-page\" data-elementor-id=\"4438\" class=\"elementor elementor-4438 elementor-4198\">\n\t\t\t\t<div class=\"elementor-element elementor-element-1b9f289 e-flex e-con-boxed e-con e-parent\" data-id=\"1b9f289\" data-element_type=\"container\" data-e-type=\"container\">\n\t\t\t\t\t<div class=\"e-con-inner\">\n\t\t\t\t<div class=\"elementor-element elementor-element-0bb402f animation_type_block sc_fly_static elementor-widget elementor-widget-heading\" data-id=\"0bb402f\" data-element_type=\"widget\" data-e-type=\"widget\" data-widget_type=\"heading.default\">\n\t\t\t\t<div class=\"elementor-widget-container\">\n\t\t\t\t\t<h2 class=\"elementor-heading-title elementor-size-default\">Pravidla kartov\u00e9 hry WordMeld<\/h2>\t\t\t\t<\/div>\n\t\t\t\t<\/div>\n\t\t\t\t\t<\/div>\n\t\t\t\t<\/div>\n\t\t<div class=\"elementor-element elementor-element-e37f1f9 e-flex e-con-boxed e-con e-parent\" data-id=\"e37f1f9\" data-element_type=\"container\" data-e-type=\"container\">\n\t\t\t\t\t<div class=\"e-con-inner\">\n\t\t\t\t<div class=\"elementor-element elementor-element-0ef411b animation_type_block sc_fly_static elementor-widget elementor-widget-text-editor\" data-id=\"0ef411b\" data-element_type=\"widget\" data-e-type=\"widget\" data-widget_type=\"text-editor.default\">\n\t\t\t\t<div class=\"elementor-widget-container\">\n\t\t\t\t\t\t\t\t\t<h3 data-start=\"115\" data-end=\"139\">C\u00edl hry<\/h3><p data-start=\"141\" data-end=\"263\">C\u00edlem hry je zbavit se v\u0161ech karet skl\u00e1d\u00e1n\u00edm slov (podle zvolen\u00e9 jazykov\u00e9 kombinace).<\/p><p data-start=\"265\" data-end=\"284\">Hru vyhr\u00e1v\u00e1:<\/p><ul data-start=\"285\" data-end=\"457\"><li data-start=\"285\" data-end=\"354\"><p data-start=\"287\" data-end=\"354\">hr\u00e1\u010d, kter\u00fd se jako prvn\u00ed zbav\u00ed v\u0161ech sv\u00fdch karet (standardn\u00ed v\u00fdhra), nebo<\/p><\/li><li data-start=\"355\" data-end=\"457\"><p data-start=\"357\" data-end=\"457\"><strong data-start=\"357\" data-end=\"372\">okam\u017eit\u011b<\/strong> ka\u017ed\u00fd hr\u00e1\u010d, kter\u00fd vytvo\u0159\u00ed slovo <strong data-start=\"406\" data-end=\"420\">&#8222;WordMeld<\/strong> &#8220; nebo jin\u00e9 dohodnut\u00e9 v\u00fdhern\u00ed slovo.<\/p><\/li><\/ul><h3 data-start=\"464\" data-end=\"477\">P\u0159\u00edprava hry<\/h3><ul data-start=\"479\" data-end=\"828\"><li data-start=\"479\" data-end=\"541\"><p data-start=\"481\" data-end=\"541\">Na za\u010d\u00e1tku hry dostane ka\u017ed\u00fd hr\u00e1\u010d <strong data-start=\"528\" data-end=\"540\">10 karet<\/strong>.<\/p><\/li><li data-start=\"542\" data-end=\"828\"><p data-start=\"544\" data-end=\"569\">Hr\u00e1\u010di se spole\u010dn\u011b dohodnou na:<\/p><ul data-start=\"572\" data-end=\"828\"><li data-start=\"572\" data-end=\"689\"><p data-start=\"574\" data-end=\"689\"><strong data-start=\"574\" data-end=\"591\">Pr\u00e9miov\u00fdch slovech<\/strong> (nap\u0159. slova z tematick\u00e9ho seznamu nebo pro pokro\u010dil\u00e9 hr\u00e1\u010de p\u0159eddefinovan\u00e9 t\u00e9ma, jako je <em data-start=\"678\" data-end=\"687\">PO\u010cAS\u00cd<\/em>),<\/p><\/li><li data-start=\"692\" data-end=\"828\"><p data-start=\"694\" data-end=\"828\"><strong data-start=\"696\" data-end=\"712\">v\u00edt\u011bzn\u00e9 slovo,<\/strong> jeho\u017e vytvo\u0159en\u00ed vede k okam\u017eit\u00e9 v\u00fdh\u0159e.<br data-start=\"764\" data-end=\"767\"\/>(slovo <strong data-start=\"781\" data-end=\"795\">&#8222;WordMeld<\/strong> &#8220; je v\u00edt\u011bzn\u00e9 slovo ve v\u0161ech hr\u00e1ch).<\/p><\/li><\/ul><\/li><\/ul><p data-start=\"830\" data-end=\"938\">Pokud je pou\u017eit seznam pr\u00e9miov\u00fdch slov, jsou za v\u00fdhern\u00ed slova pova\u017eov\u00e1na <strong data-start=\"862\" data-end=\"908\">v\u0161echna slova obsahuj\u00edc\u00ed osm a v\u00edce p\u00edsmen<\/strong>.<\/p><h3 data-start=\"945\" data-end=\"956\">Hra<\/h3><p data-start=\"958\" data-end=\"986\">Ve sv\u00e9m tahu m\u016f\u017ee hr\u00e1\u010d:<\/p><ul data-start=\"988\" data-end=\"1291\"><li data-start=\"988\" data-end=\"1162\"><p data-start=\"990\" data-end=\"1162\">Vylo\u017eit <strong data-start=\"999\" data-end=\"1020\">jedno nebo v\u00edce slov<\/strong> pomoc\u00ed karet z ruky nebo v kombinaci s kartami, kter\u00e9 jsou ji\u017e na stole.<br data-start=\"1100\" data-end=\"1103\"\/><strong data-start=\"1109\" data-end=\"1161\">Prvn\u00ed slovo mus\u00ed b\u00fdt tvo\u0159eno v\u00fdhradn\u011b kartami v ruce<\/strong>.<\/p><\/li><li data-start=\"1163\" data-end=\"1291\"><p data-start=\"1165\" data-end=\"1291\">Pokud hr\u00e1\u010d p\u0159eskup\u00ed slova na stole a skon\u010d\u00ed s nepou\u017eit\u00fdmi kartami, mus\u00ed si tyto karty vz\u00edt zp\u011bt do ruky.<\/p><\/li><\/ul><p data-start=\"1293\" data-end=\"1353\">P\u0159i pou\u017eit\u00ed karet ze stolu plat\u00ed n\u00e1sleduj\u00edc\u00ed pravidlo:<\/p><ul data-start=\"1354\" data-end=\"1541\"><li data-start=\"1354\" data-end=\"1420\"><p data-start=\"1356\" data-end=\"1420\">Hr\u00e1\u010d mus\u00ed p\u0159idat <strong data-start=\"1376\" data-end=\"1413\">alespo\u0148 jednu kartu ze sv\u00e9 ruky<\/strong>.<\/p><\/li><li data-start=\"1421\" data-end=\"1541\"><p data-start=\"1423\" data-end=\"1541\">po\u010det karet p\u0159idan\u00fdch z ruky mus\u00ed b\u00fdt <strong data-start=\"1471\" data-end=\"1540\">v\u011bt\u0161\u00ed ne\u017e po\u010det nepou\u017eit\u00fdch karet odebran\u00fdch ze stolu<\/strong>.<\/p><\/li><\/ul><h3 data-start=\"1548\" data-end=\"1571\">Pravidla tvo\u0159en\u00ed slov<\/h3><p data-start=\"1573\" data-end=\"1646\">Slovo je platn\u00e9, pokud spl\u0148uje <strong data-start=\"1601\" data-end=\"1617\">alespo\u0148 jednu<\/strong> z n\u00e1sleduj\u00edc\u00edch podm\u00ednek:<\/p><ul data-start=\"1648\" data-end=\"2135\"><li data-start=\"1648\" data-end=\"1823\"><p data-start=\"1650\" data-end=\"1823\">M\u016f\u017eete tvo\u0159it slova z ofici\u00e1ln\u00edho seznamu slov nebo b\u011b\u017en\u00e1 slova (podstatn\u00e1 jm\u00e9na, p\u0159\u00eddavn\u00e1 jm\u00e9na, slovesa).<br data-start=\"1740\" data-end=\"1743\"\/>Vlastn\u00ed jm\u00e9na, p\u0159\u00edjmen\u00ed a obchodn\u00ed zna\u010dky lze pou\u017e\u00edvat pouze se souhlasem v\u0161ech hr\u00e1\u010d\u016f.<\/p><\/li><li data-start=\"1824\" data-end=\"1978\"><p data-start=\"1826\" data-end=\"1978\">Slovo vytvo\u0159en\u00e9 <strong data-start=\"1840\" data-end=\"1867\">pouze z karet v ruce<\/strong> mus\u00ed <strong data-start=\"1881\" data-end=\"1903\">obsahovat alespo\u0148 4 p\u00edsmena<\/strong>.<br data-start=\"1903\" data-end=\"1906\"\/>(jedinou v\u00fdjimkou je, pokud je slovo uvedeno v ofici\u00e1ln\u00edm seznamu slov).<\/p><\/li><li data-start=\"1979\" data-end=\"2058\"><p data-start=\"1981\" data-end=\"2058\">Slovo vytvo\u0159en\u00e9 pomoc\u00ed karet ze stolu mus\u00ed <strong data-start=\"2035\" data-end=\"2057\">obsahovat alespo\u0148 3 p\u00edsmena<\/strong>.<\/p><\/li><li data-start=\"2059\" data-end=\"2135\"><p data-start=\"2061\" data-end=\"2135\">Pokud slovo obsahuje <strong data-start=\"2080\" data-end=\"2094\">dva \u017eol\u00edky<\/strong>, mus\u00ed obsahovat <strong data-start=\"2112\" data-end=\"2134\">alespo\u0148 5 p\u00edsmen<\/strong>.<\/p><\/li><\/ul><h3 data-start=\"2142\" data-end=\"2177\">Tah\u00e1n\u00ed karet podle typu slova<\/h3><h4 data-start=\"2179\" data-end=\"2215\">1. Slovo, kter\u00e9 nen\u00ed v ofici\u00e1ln\u00edm seznamu<\/h4><ul data-start=\"2216\" data-end=\"2472\"><li data-start=\"2216\" data-end=\"2369\"><p data-start=\"2218\" data-end=\"2369\">Hr\u00e1\u010d si vezme <strong data-start=\"2235\" data-end=\"2280\">o jednu kartu m\u00e9n\u011b, ne\u017e je po\u010det p\u00edsmen<\/strong> ve slov\u011b.<br data-start=\"2293\" data-end=\"2296\"\/>To znamen\u00e1, \u017ee se hr\u00e1\u010d efektivn\u011b zbav\u00ed jedn\u00e9 karty z ruky.<\/p><\/li><li data-start=\"2370\" data-end=\"2472\"><p data-start=\"2372\" data-end=\"2472\">Pokud byly pou\u017eity karty ze stolu, hr\u00e1\u010d si dob\u00edr\u00e1 karty <strong data-start=\"2421\" data-end=\"2471\">pouze za p\u00edsmena, kter\u00e1 pou\u017eil z ruky<\/strong>.<\/p><\/li><\/ul><h4 data-start=\"2474\" data-end=\"2493\">2. Pr\u00e9miov\u00e9 slovo<\/h4><ul data-start=\"2494\" data-end=\"2526\"><li data-start=\"2494\" data-end=\"2526\"><p data-start=\"2496\" data-end=\"2526\">Hr\u00e1\u010d <strong data-start=\"2507\" data-end=\"2525\">si nedob\u00edr\u00e1 \u017e\u00e1dn\u00e9 karty<\/strong>.<\/p><\/li><\/ul><h4 data-start=\"2528\" data-end=\"2588\">3. V\u00edt\u011bzn\u00e9 slovo (nap\u0159. &#8222;WordMeld&#8220; nebo jin\u00e9 dohodnut\u00e9 slovo)<\/h4><ul data-start=\"2589\" data-end=\"2632\"><li data-start=\"2589\" data-end=\"2632\"><p data-start=\"2591\" data-end=\"2632\">Hr\u00e1\u010d <strong data-start=\"2602\" data-end=\"2631\">okam\u017eit\u011b vyhr\u00e1v\u00e1 hru<\/strong>.<\/p><\/li><\/ul><h3 data-start=\"2639\" data-end=\"2668\">V\u00edce slov v jednom tahu<\/h3><ul data-start=\"2670\" data-end=\"2881\"><li data-start=\"2670\" data-end=\"2724\"><p data-start=\"2672\" data-end=\"2724\">Za slova z ofici\u00e1ln\u00edho seznamu se neberou \u017e\u00e1dn\u00e9 karty.<\/p><\/li><li data-start=\"2725\" data-end=\"2819\"><p data-start=\"2727\" data-end=\"2819\">U slov mimo seznam se karty dob\u00edraj\u00ed podle d\u00e9lky slova, v\u017edy <strong data-start=\"2800\" data-end=\"2818\">o jednu kartu m\u00e9n\u011b<\/strong>.<\/p><\/li><li data-start=\"2820\" data-end=\"2881\"><p data-start=\"2822\" data-end=\"2881\">V\u0161echny nepou\u017eit\u00e9 karty si hr\u00e1\u010d mus\u00ed vz\u00edt zp\u011bt do ruky.<\/p><\/li><\/ul><h3 data-start=\"2888\" data-end=\"2916\">Pokud nevytvo\u0159\u00edte \u017e\u00e1dn\u00e9 slovo<\/h3><ul data-start=\"2918\" data-end=\"3027\"><li data-start=\"2918\" data-end=\"2998\"><p data-start=\"2920\" data-end=\"2998\">Vezm\u011bte si <strong data-start=\"2925\" data-end=\"2956\">jednu kartu z dob\u00edrac\u00ed hrom\u00e1dky<\/strong> a v tomto tahu nesm\u00edte hr\u00e1t \u017e\u00e1dn\u00e1 slova.<\/p><\/li><li data-start=\"2999\" data-end=\"3027\"><p data-start=\"3001\" data-end=\"3027\">Pot\u00e9 vyho\u010fte <strong data-start=\"3014\" data-end=\"3026\">jednu kartu<\/strong>.<\/p><\/li><\/ul><p data-start=\"3029\" data-end=\"3182\">Po zahr\u00e1n\u00ed prvn\u00edho slova ve h\u0159e si m\u016f\u017eete vyta\u017eenou kartu ponechat, m\u00edsto abyste ji vyhodili, a zv\u00fd\u0161it tak sv\u00e9 \u0161ance na pozd\u011bj\u0161\u00ed vytvo\u0159en\u00ed slova.<\/p><h3 data-start=\"3189\" data-end=\"3221\">Tah\u00e1n\u00ed z hrom\u00e1dky vy\u0159azen\u00fdch karet<\/h3><ul data-start=\"3223\" data-end=\"3505\"><li data-start=\"3223\" data-end=\"3348\"><p data-start=\"3225\" data-end=\"3348\">Pokud si vezmete kartu z hrom\u00e1dky vy\u0159azen\u00fdch karet, m\u016f\u017eete <strong data-start=\"3275\" data-end=\"3302\">okam\u017eit\u011b zahr\u00e1t slovo<\/strong>. V takov\u00e9m p\u0159\u00edpad\u011b kartu <strong data-start=\"3325\" data-end=\"3332\">nevyhazujete<\/strong>.<\/p><\/li><li data-start=\"3349\" data-end=\"3505\"><p data-start=\"3351\" data-end=\"3505\">Pokud se rozhodnete t\u00e1hnout z hrom\u00e1dky vy\u0159azen\u00fdch karet m\u00edsto z hrom\u00e1dky karet a nezahrajete slovo, postupujte jako p\u0159i tahu nov\u00e9 karty a pot\u00e9 jednu kartu vyho\u010fte.<\/p><\/li><\/ul><h3 data-start=\"3512\" data-end=\"3533\">V\u00edt\u011bzn\u00e9 strategie<\/h3><h4 data-start=\"3535\" data-end=\"3559\">Strategie b\u011b\u017en\u00fdch slov<\/h4><p data-start=\"3560\" data-end=\"3640\">Tvo\u0159te b\u011b\u017en\u00e1 slova mimo seznam, abyste si osv\u011b\u017eili a vym\u011bnili karty.<\/p><h4 data-start=\"3642\" data-end=\"3662\">Strategie Premium<\/h4><p data-start=\"3663\" data-end=\"3740\">Sledujte ofici\u00e1ln\u00ed seznam slov a ukl\u00e1dejte p\u00edsmena pot\u0159ebn\u00e1 k vytvo\u0159en\u00ed pr\u00e9miov\u00fdch slov.<\/p><h4 data-start=\"3742\" data-end=\"3767\">Strategie v\u00edt\u011bzn\u00e9ho slova<\/h4><p data-start=\"3768\" data-end=\"3851\">V tichosti sb\u00edrejte p\u00edsmena pot\u0159ebn\u00e1 k sestaven\u00ed v\u00edt\u011bzn\u00e9ho slova a ve spr\u00e1vn\u00fd okam\u017eik ude\u0159te.<\/p>\t\t\t\t\t\t\t\t<\/div>\n\t\t\t\t<\/div>\n\t\t\t\t\t<\/div>\n\t\t\t\t<\/div>\n\t\t\t\t<\/div>\n\t\t","protected":false},"excerpt":{"rendered":"<p>Pravidla kartov\u00e9 hry WordMeld C\u00edl hry C\u00edlem hry je zbavit se v\u0161ech karet skl\u00e1d\u00e1n\u00edm slov (podle zvolen\u00e9 jazykov\u00e9 kombinace). Hru vyhr\u00e1v\u00e1: hr\u00e1\u010d, kter\u00fd se jako prvn\u00ed zbav\u00ed v\u0161ech sv\u00fdch karet (standardn\u00ed v\u00fdhra), nebo okam\u017eit\u011b ka\u017ed\u00fd hr\u00e1\u010d, kter\u00fd vytvo\u0159\u00ed slovo &#8222;WordMeld &#8220; nebo jin\u00e9 dohodnut\u00e9 v\u00fdhern\u00ed&hellip;<\/p>\n","protected":false},"author":1,"featured_media":0,"parent":0,"menu_order":0,"comment_status":"closed","ping_status":"closed","template":"","meta":{"footnotes":""},"class_list":["post-4438","page","type-page","status-publish","hentry"],"yoast_head":"<!-- This site is optimized with the Yoast SEO plugin v27.0 - https:\/\/yoast.com\/product\/yoast-seo-wordpress\/ -->\n<title>Pravidla kartov\u00e9 hry WordMeld - WordMeld&reg;<\/title>\n<meta name=\"robots\" content=\"index, follow, max-snippet:-1, max-image-preview:large, max-video-preview:-1\" \/>\n<link rel=\"canonical\" href=\"https:\/\/www.wordmeld.cards\/cs\/pravidla-aplikace-wordmeld\/\" \/>\n<meta property=\"og:locale\" content=\"cs_CZ\" \/>\n<meta property=\"og:type\" content=\"article\" \/>\n<meta property=\"og:title\" content=\"Pravidla kartov\u00e9 hry WordMeld - WordMeld&reg;\" \/>\n<meta property=\"og:description\" content=\"Pravidla kartov\u00e9 hry WordMeld C\u00edl hry C\u00edlem hry je zbavit se v\u0161ech karet skl\u00e1d\u00e1n\u00edm slov (podle zvolen\u00e9 jazykov\u00e9 kombinace). Hru vyhr\u00e1v\u00e1: hr\u00e1\u010d, kter\u00fd se jako prvn\u00ed zbav\u00ed v\u0161ech sv\u00fdch karet (standardn\u00ed v\u00fdhra), nebo okam\u017eit\u011b ka\u017ed\u00fd hr\u00e1\u010d, kter\u00fd vytvo\u0159\u00ed slovo &#8222;WordMeld &#8220; nebo jin\u00e9 dohodnut\u00e9 v\u00fdhern\u00ed&hellip;\" \/>\n<meta property=\"og:url\" content=\"https:\/\/www.wordmeld.cards\/cs\/pravidla-aplikace-wordmeld\/\" \/>\n<meta property=\"og:site_name\" content=\"WordMeld&reg;\" \/>\n<meta property=\"article:publisher\" content=\"https:\/\/www.facebook.com\/WordMeldCards\/\" \/>\n<meta property=\"article:modified_time\" content=\"2026-02-23T14:55:33+00:00\" \/>\n<meta name=\"twitter:card\" content=\"summary_large_image\" \/>\n<meta name=\"twitter:label1\" content=\"Odhadovan\u00e1 doba \u010dten\u00ed\" \/>\n\t<meta name=\"twitter:data1\" content=\"4 minuty\" \/>\n<script type=\"application\/ld+json\" class=\"yoast-schema-graph\">{\"@context\":\"https:\/\/schema.org\",\"@graph\":[{\"@type\":\"WebPage\",\"@id\":\"https:\/\/www.wordmeld.cards\/cs\/pravidla-aplikace-wordmeld\/\",\"url\":\"https:\/\/www.wordmeld.cards\/cs\/pravidla-aplikace-wordmeld\/\",\"name\":\"Pravidla kartov\u00e9 hry WordMeld - WordMeld&reg;\",\"isPartOf\":{\"@id\":\"https:\/\/www.wordmeld.cards\/cs\/#website\"},\"datePublished\":\"2026-01-26T13:29:41+00:00\",\"dateModified\":\"2026-02-23T14:55:33+00:00\",\"breadcrumb\":{\"@id\":\"https:\/\/www.wordmeld.cards\/cs\/pravidla-aplikace-wordmeld\/#breadcrumb\"},\"inLanguage\":\"cs\",\"potentialAction\":[{\"@type\":\"ReadAction\",\"target\":[\"https:\/\/www.wordmeld.cards\/cs\/pravidla-aplikace-wordmeld\/\"]}]},{\"@type\":\"BreadcrumbList\",\"@id\":\"https:\/\/www.wordmeld.cards\/cs\/pravidla-aplikace-wordmeld\/#breadcrumb\",\"itemListElement\":[{\"@type\":\"ListItem\",\"position\":1,\"name\":\"Home\",\"item\":\"https:\/\/www.wordmeld.cards\/cs\/wordmeld\/\"},{\"@type\":\"ListItem\",\"position\":2,\"name\":\"Pravidla kartov\u00e9 hry WordMeld\"}]},{\"@type\":\"WebSite\",\"@id\":\"https:\/\/www.wordmeld.cards\/cs\/#website\",\"url\":\"https:\/\/www.wordmeld.cards\/cs\/\",\"name\":\"WordMeld\u00ae\",\"description\":\"Unleash your inner linguist\",\"publisher\":{\"@id\":\"https:\/\/www.wordmeld.cards\/cs\/#organization\"},\"potentialAction\":[{\"@type\":\"SearchAction\",\"target\":{\"@type\":\"EntryPoint\",\"urlTemplate\":\"https:\/\/www.wordmeld.cards\/cs\/?s={search_term_string}\"},\"query-input\":{\"@type\":\"PropertyValueSpecification\",\"valueRequired\":true,\"valueName\":\"search_term_string\"}}],\"inLanguage\":\"cs\"},{\"@type\":\"Organization\",\"@id\":\"https:\/\/www.wordmeld.cards\/cs\/#organization\",\"name\":\"WordMeld\u00ae\",\"url\":\"https:\/\/www.wordmeld.cards\/cs\/\",\"logo\":{\"@type\":\"ImageObject\",\"inLanguage\":\"cs\",\"@id\":\"https:\/\/www.wordmeld.cards\/cs\/#\/schema\/logo\/image\/\",\"url\":\"https:\/\/www.wordmeld.cards\/wp-content\/uploads\/2025\/07\/cropped-cropped-wordmeld-logo-512.png\",\"contentUrl\":\"https:\/\/www.wordmeld.cards\/wp-content\/uploads\/2025\/07\/cropped-cropped-wordmeld-logo-512.png\",\"width\":512,\"height\":512,\"caption\":\"WordMeld\u00ae\"},\"image\":{\"@id\":\"https:\/\/www.wordmeld.cards\/cs\/#\/schema\/logo\/image\/\"},\"sameAs\":[\"https:\/\/www.facebook.com\/WordMeldCards\/\"]}]}<\/script>\n<!-- \/ Yoast SEO plugin. -->","yoast_head_json":{"title":"Pravidla kartov\u00e9 hry WordMeld - WordMeld&reg;","robots":{"index":"index","follow":"follow","max-snippet":"max-snippet:-1","max-image-preview":"max-image-preview:large","max-video-preview":"max-video-preview:-1"},"canonical":"https:\/\/www.wordmeld.cards\/cs\/pravidla-aplikace-wordmeld\/","og_locale":"cs_CZ","og_type":"article","og_title":"Pravidla kartov\u00e9 hry WordMeld - WordMeld&reg;","og_description":"Pravidla kartov\u00e9 hry WordMeld C\u00edl hry C\u00edlem hry je zbavit se v\u0161ech karet skl\u00e1d\u00e1n\u00edm slov (podle zvolen\u00e9 jazykov\u00e9 kombinace). Hru vyhr\u00e1v\u00e1: hr\u00e1\u010d, kter\u00fd se jako prvn\u00ed zbav\u00ed v\u0161ech sv\u00fdch karet (standardn\u00ed v\u00fdhra), nebo okam\u017eit\u011b ka\u017ed\u00fd hr\u00e1\u010d, kter\u00fd vytvo\u0159\u00ed slovo &#8222;WordMeld &#8220; nebo jin\u00e9 dohodnut\u00e9 v\u00fdhern\u00ed&hellip;","og_url":"https:\/\/www.wordmeld.cards\/cs\/pravidla-aplikace-wordmeld\/","og_site_name":"WordMeld&reg;","article_publisher":"https:\/\/www.facebook.com\/WordMeldCards\/","article_modified_time":"2026-02-23T14:55:33+00:00","twitter_card":"summary_large_image","twitter_misc":{"Odhadovan\u00e1 doba \u010dten\u00ed":"4 minuty"},"schema":{"@context":"https:\/\/schema.org","@graph":[{"@type":"WebPage","@id":"https:\/\/www.wordmeld.cards\/cs\/pravidla-aplikace-wordmeld\/","url":"https:\/\/www.wordmeld.cards\/cs\/pravidla-aplikace-wordmeld\/","name":"Pravidla kartov\u00e9 hry WordMeld - WordMeld&reg;","isPartOf":{"@id":"https:\/\/www.wordmeld.cards\/cs\/#website"},"datePublished":"2026-01-26T13:29:41+00:00","dateModified":"2026-02-23T14:55:33+00:00","breadcrumb":{"@id":"https:\/\/www.wordmeld.cards\/cs\/pravidla-aplikace-wordmeld\/#breadcrumb"},"inLanguage":"cs","potentialAction":[{"@type":"ReadAction","target":["https:\/\/www.wordmeld.cards\/cs\/pravidla-aplikace-wordmeld\/"]}]},{"@type":"BreadcrumbList","@id":"https:\/\/www.wordmeld.cards\/cs\/pravidla-aplikace-wordmeld\/#breadcrumb","itemListElement":[{"@type":"ListItem","position":1,"name":"Home","item":"https:\/\/www.wordmeld.cards\/cs\/wordmeld\/"},{"@type":"ListItem","position":2,"name":"Pravidla kartov\u00e9 hry WordMeld"}]},{"@type":"WebSite","@id":"https:\/\/www.wordmeld.cards\/cs\/#website","url":"https:\/\/www.wordmeld.cards\/cs\/","name":"WordMeld\u00ae","description":"Unleash your inner linguist","publisher":{"@id":"https:\/\/www.wordmeld.cards\/cs\/#organization"},"potentialAction":[{"@type":"SearchAction","target":{"@type":"EntryPoint","urlTemplate":"https:\/\/www.wordmeld.cards\/cs\/?s={search_term_string}"},"query-input":{"@type":"PropertyValueSpecification","valueRequired":true,"valueName":"search_term_string"}}],"inLanguage":"cs"},{"@type":"Organization","@id":"https:\/\/www.wordmeld.cards\/cs\/#organization","name":"WordMeld\u00ae","url":"https:\/\/www.wordmeld.cards\/cs\/","logo":{"@type":"ImageObject","inLanguage":"cs","@id":"https:\/\/www.wordmeld.cards\/cs\/#\/schema\/logo\/image\/","url":"https:\/\/www.wordmeld.cards\/wp-content\/uploads\/2025\/07\/cropped-cropped-wordmeld-logo-512.png","contentUrl":"https:\/\/www.wordmeld.cards\/wp-content\/uploads\/2025\/07\/cropped-cropped-wordmeld-logo-512.png","width":512,"height":512,"caption":"WordMeld\u00ae"},"image":{"@id":"https:\/\/www.wordmeld.cards\/cs\/#\/schema\/logo\/image\/"},"sameAs":["https:\/\/www.facebook.com\/WordMeldCards\/"]}]}},"_links":{"self":[{"href":"https:\/\/www.wordmeld.cards\/cs\/wp-json\/wp\/v2\/pages\/4438","targetHints":{"allow":["GET"]}}],"collection":[{"href":"https:\/\/www.wordmeld.cards\/cs\/wp-json\/wp\/v2\/pages"}],"about":[{"href":"https:\/\/www.wordmeld.cards\/cs\/wp-json\/wp\/v2\/types\/page"}],"author":[{"embeddable":true,"href":"https:\/\/www.wordmeld.cards\/cs\/wp-json\/wp\/v2\/users\/1"}],"replies":[{"embeddable":true,"href":"https:\/\/www.wordmeld.cards\/cs\/wp-json\/wp\/v2\/comments?post=4438"}],"version-history":[{"count":7,"href":"https:\/\/www.wordmeld.cards\/cs\/wp-json\/wp\/v2\/pages\/4438\/revisions"}],"predecessor-version":[{"id":4464,"href":"https:\/\/www.wordmeld.cards\/cs\/wp-json\/wp\/v2\/pages\/4438\/revisions\/4464"}],"wp:attachment":[{"href":"https:\/\/www.wordmeld.cards\/cs\/wp-json\/wp\/v2\/media?parent=4438"}],"curies":[{"name":"wp","href":"https:\/\/api.w.org\/{rel}","templated":true}]}}