{"id":4440,"date":"2026-01-26T13:29:41","date_gmt":"2026-01-26T13:29:41","guid":{"rendered":"https:\/\/www.wordmeld.cards\/pravidla-programu-wordmeld\/"},"modified":"2026-02-23T14:55:43","modified_gmt":"2026-02-23T14:55:43","slug":"pravidla-programu-wordmeld","status":"publish","type":"page","link":"https:\/\/www.wordmeld.cards\/sk\/pravidla-programu-wordmeld\/","title":{"rendered":"Pravidl\u00e1 kartovej hry WordMeld"},"content":{"rendered":"\t\t<div data-elementor-type=\"wp-page\" data-elementor-id=\"4440\" class=\"elementor elementor-4440 elementor-4198\">\n\t\t\t\t<div class=\"elementor-element elementor-element-1b9f289 e-flex e-con-boxed e-con e-parent\" data-id=\"1b9f289\" data-element_type=\"container\" data-e-type=\"container\">\n\t\t\t\t\t<div class=\"e-con-inner\">\n\t\t\t\t<div class=\"elementor-element elementor-element-0bb402f animation_type_block sc_fly_static elementor-widget elementor-widget-heading\" data-id=\"0bb402f\" data-element_type=\"widget\" data-e-type=\"widget\" data-widget_type=\"heading.default\">\n\t\t\t\t<div class=\"elementor-widget-container\">\n\t\t\t\t\t<h2 class=\"elementor-heading-title elementor-size-default\">Pravidl\u00e1 kartovej hry WordMeld<\/h2>\t\t\t\t<\/div>\n\t\t\t\t<\/div>\n\t\t\t\t\t<\/div>\n\t\t\t\t<\/div>\n\t\t<div class=\"elementor-element elementor-element-e37f1f9 e-flex e-con-boxed e-con e-parent\" data-id=\"e37f1f9\" data-element_type=\"container\" data-e-type=\"container\">\n\t\t\t\t\t<div class=\"e-con-inner\">\n\t\t\t\t<div class=\"elementor-element elementor-element-0ef411b animation_type_block sc_fly_static elementor-widget elementor-widget-text-editor\" data-id=\"0ef411b\" data-element_type=\"widget\" data-e-type=\"widget\" data-widget_type=\"text-editor.default\">\n\t\t\t\t<div class=\"elementor-widget-container\">\n\t\t\t\t\t\t\t\t\t<h3 data-start=\"115\" data-end=\"139\">Cie\u013e hry<\/h3><p data-start=\"141\" data-end=\"263\">Cie\u013eom hry je zbavi\u0165 sa v\u0161etk\u00fdch kariet vytvoren\u00edm slov (pod\u013ea zvolenej jazykovej kombin\u00e1cie).<\/p><p data-start=\"265\" data-end=\"284\">Hru vyhr\u00e1va:<\/p><ul data-start=\"285\" data-end=\"457\"><li data-start=\"285\" data-end=\"354\"><p data-start=\"287\" data-end=\"354\">hr\u00e1\u010d, ktor\u00fd sa ako prv\u00fd zbav\u00ed v\u0161etk\u00fdch svojich kariet (\u0161tandardn\u00e1 v\u00fdhra), alebo<\/p><\/li><li data-start=\"355\" data-end=\"457\"><p data-start=\"357\" data-end=\"457\"><strong data-start=\"357\" data-end=\"372\">okam\u017eite<\/strong> ka\u017ed\u00fd hr\u00e1\u010d, ktor\u00fd vytvor\u00ed slovo <strong data-start=\"406\" data-end=\"420\">&#8222;WordMeld<\/strong> &#8220; alebo in\u00e9 dohodnut\u00e9 v\u00ed\u0165azn\u00e9 slovo.<\/p><\/li><\/ul><h3 data-start=\"464\" data-end=\"477\">Pr\u00edprava hry<\/h3><ul data-start=\"479\" data-end=\"828\"><li data-start=\"479\" data-end=\"541\"><p data-start=\"481\" data-end=\"541\">Na za\u010diatku hry dostane ka\u017ed\u00fd hr\u00e1\u010d <strong data-start=\"528\" data-end=\"540\">10 kariet<\/strong>.<\/p><\/li><li data-start=\"542\" data-end=\"828\"><p data-start=\"544\" data-end=\"569\">Hr\u00e1\u010di si spolo\u010dne dohodn\u00fa:<\/p><ul data-start=\"572\" data-end=\"828\"><li data-start=\"572\" data-end=\"689\"><p data-start=\"574\" data-end=\"689\"><strong data-start=\"574\" data-end=\"591\">Pr\u00e9miov\u00e9 slov\u00e1<\/strong> (napr. slov\u00e1 z tematick\u00e9ho zoznamu alebo pre pokro\u010dil\u00fdch hr\u00e1\u010dov preddefinovan\u00e1 t\u00e9ma, ako je <em data-start=\"678\" data-end=\"687\">PO\u010cASIE<\/em>),<\/p><\/li><li data-start=\"692\" data-end=\"828\"><p data-start=\"694\" data-end=\"828\"><strong data-start=\"696\" data-end=\"712\">v\u00ed\u0165azn\u00e9 slovo,<\/strong> ktor\u00e9ho vytvorenie vedie k okam\u017eitej v\u00fdhre<br data-start=\"764\" data-end=\"767\"\/>(slovo <strong data-start=\"781\" data-end=\"795\">&#8222;WordMeld<\/strong> &#8220; je v\u00ed\u0165azn\u00fdm slovom vo v\u0161etk\u00fdch hr\u00e1ch).<\/p><\/li><\/ul><\/li><\/ul><p data-start=\"830\" data-end=\"938\">(alternat\u00edva) Ak sa pou\u017eije zoznam pr\u00e9miov\u00fdch slov, za v\u00ed\u0165azn\u00e9 slov\u00e1 sa pova\u017euj\u00fa <strong data-start=\"862\" data-end=\"908\">v\u0161etky slov\u00e1 obsahuj\u00face osem alebo viac p\u00edsmen<\/strong>.<\/p><h3 data-start=\"945\" data-end=\"956\">Hra<\/h3><p data-start=\"958\" data-end=\"986\">Hr\u00e1\u010d m\u00f4\u017ee vo svojom \u0165ahu:<\/p><ul data-start=\"988\" data-end=\"1291\"><li data-start=\"988\" data-end=\"1162\"><p data-start=\"990\" data-end=\"1162\">Vytvori\u0165 <strong data-start=\"999\" data-end=\"1020\">jedno alebo viac slov<\/strong> pomocou kariet z ruky, alebo v kombin\u00e1cii s kartami, ktor\u00e9 s\u00fa u\u017e na stole.<br data-start=\"1100\" data-end=\"1103\"\/><strong data-start=\"1109\" data-end=\"1161\">Prv\u00e9 slovo mus\u00ed by\u0165 vytvoren\u00e9 v\u00fdlu\u010dne z ruky<\/strong>.<\/p><\/li><li data-start=\"1163\" data-end=\"1291\"><p data-start=\"1165\" data-end=\"1291\">Ak hr\u00e1\u010d preskup\u00ed slov\u00e1 na stole a skon\u010d\u00ed s nepou\u017eit\u00fdmi kartami, mus\u00ed si tieto karty vzia\u0165 sp\u00e4\u0165 na ruku.<\/p><\/li><\/ul><p data-start=\"1293\" data-end=\"1353\">Pri pou\u017e\u00edvan\u00ed kariet zo stola plat\u00ed nasleduj\u00face pravidlo:<\/p><ul data-start=\"1354\" data-end=\"1541\"><li data-start=\"1354\" data-end=\"1420\"><p data-start=\"1356\" data-end=\"1420\">Hr\u00e1\u010d mus\u00ed prida\u0165 <strong data-start=\"1376\" data-end=\"1413\">aspo\u0148 jednu kartu z ruky<\/strong> a<\/p><\/li><li data-start=\"1421\" data-end=\"1541\"><p data-start=\"1423\" data-end=\"1541\">po\u010det pridan\u00fdch kariet z ruky mus\u00ed by\u0165 <strong data-start=\"1471\" data-end=\"1540\">v\u00e4\u010d\u0161\u00ed ako po\u010det nepou\u017eit\u00fdch kariet, ktor\u00e9 ste si vzali sp\u00e4\u0165 zo stola<\/strong>.<\/p><\/li><\/ul><h3 data-start=\"1548\" data-end=\"1571\">Pravidl\u00e1 tvorenia slov<\/h3><p data-start=\"1573\" data-end=\"1646\">Slovo je platn\u00e9, ak sp\u013a\u0148a <strong data-start=\"1601\" data-end=\"1617\">aspo\u0148 jednu<\/strong> z nasleduj\u00facich podmienok:<\/p><ul data-start=\"1648\" data-end=\"2135\"><li data-start=\"1648\" data-end=\"1823\"><p data-start=\"1650\" data-end=\"1823\">Slov\u00e1 m\u00f4\u017eete tvori\u0165 z ofici\u00e1lneho zoznamu slov alebo z be\u017en\u00fdch slov (podstatn\u00e9 men\u00e1, pr\u00eddavn\u00e9 men\u00e1, sloves\u00e1).<br data-start=\"1740\" data-end=\"1743\"\/>Vlastn\u00e9 men\u00e1, priezvisk\u00e1 a obchodn\u00e9 zna\u010dky sa m\u00f4\u017eu pou\u017e\u00edva\u0165 len so s\u00fahlasom v\u0161etk\u00fdch hr\u00e1\u010dov.<\/p><\/li><li data-start=\"1824\" data-end=\"1978\"><p data-start=\"1826\" data-end=\"1978\">Slovo vytvoren\u00e9 <strong data-start=\"1840\" data-end=\"1867\">len z kariet v ruke<\/strong> mus\u00ed <strong data-start=\"1881\" data-end=\"1903\">obsahova\u0165 aspo\u0148 4 p\u00edsmen\u00e1<\/strong>.<br data-start=\"1903\" data-end=\"1906\"\/>(jedinou v\u00fdnimkou je, ak sa slovo nach\u00e1dza v ofici\u00e1lnom zozname slov).<\/p><\/li><li data-start=\"1979\" data-end=\"2058\"><p data-start=\"1981\" data-end=\"2058\">Slovo vytvoren\u00e9 pomocou kariet z tabu\u013eky mus\u00ed <strong data-start=\"2035\" data-end=\"2057\">obsahova\u0165 aspo\u0148 3 p\u00edsmen\u00e1<\/strong>.<\/p><\/li><li data-start=\"2059\" data-end=\"2135\"><p data-start=\"2061\" data-end=\"2135\">Ak slovo obsahuje <strong data-start=\"2080\" data-end=\"2094\">dva \u017eol\u00edky<\/strong>, mus\u00ed obsahova\u0165 <strong data-start=\"2112\" data-end=\"2134\">aspo\u0148 5 p\u00edsmen<\/strong>.<\/p><\/li><\/ul><h3 data-start=\"2142\" data-end=\"2177\">\u0164ahanie kariet na z\u00e1klade typu slova<\/h3><h4 data-start=\"2179\" data-end=\"2215\">1. Slovo, ktor\u00e9 nie je v ofici\u00e1lnom zozname<\/h4><ul data-start=\"2216\" data-end=\"2472\"><li data-start=\"2216\" data-end=\"2369\"><p data-start=\"2218\" data-end=\"2369\">Hr\u00e1\u010d si potiahne <strong data-start=\"2235\" data-end=\"2280\">o jednu kartu menej, ako je po\u010det p\u00edsmen<\/strong> v slove.<br data-start=\"2293\" data-end=\"2296\"\/>To znamen\u00e1, \u017ee sa hr\u00e1\u010d efekt\u00edvne zbav\u00ed jednej karty z ruky.<\/p><\/li><li data-start=\"2370\" data-end=\"2472\"><p data-start=\"2372\" data-end=\"2472\">Ak sa pou\u017eili stolov\u00e9 karty, hr\u00e1\u010d si \u0165ah\u00e1 karty <strong data-start=\"2421\" data-end=\"2471\">len za p\u00edsmen\u00e1, ktor\u00e9 si vzal z vlastnej ruky<\/strong>.<\/p><\/li><\/ul><h4 data-start=\"2474\" data-end=\"2493\">2. Pr\u00e9miov\u00e9 slovo<\/h4><ul data-start=\"2494\" data-end=\"2526\"><li data-start=\"2494\" data-end=\"2526\"><p data-start=\"2496\" data-end=\"2526\">Hr\u00e1\u010d <strong data-start=\"2507\" data-end=\"2525\">si ne\u0165ah\u00e1 \u017eiadne karty<\/strong>.<\/p><\/li><\/ul><h4 data-start=\"2528\" data-end=\"2588\">3. V\u00ed\u0165azn\u00e9 slovo (napr. &#8222;WordMeld&#8220; alebo in\u00e9 dohodnut\u00e9 slovo)<\/h4><ul data-start=\"2589\" data-end=\"2632\"><li data-start=\"2589\" data-end=\"2632\"><p data-start=\"2591\" data-end=\"2632\">Hr\u00e1\u010d <strong data-start=\"2602\" data-end=\"2631\">okam\u017eite vyhr\u00e1va cel\u00fa hru<\/strong>.<\/p><\/li><\/ul><h3 data-start=\"2639\" data-end=\"2668\">Viacero slov v jednom \u0165ahu<\/h3><ul data-start=\"2670\" data-end=\"2881\"><li data-start=\"2670\" data-end=\"2724\"><p data-start=\"2672\" data-end=\"2724\">Za slov\u00e1 z ofici\u00e1lneho zoznamu sa ne\u0165ahaj\u00fa \u017eiadne karty.<\/p><\/li><li data-start=\"2725\" data-end=\"2819\"><p data-start=\"2727\" data-end=\"2819\">Pri slov\u00e1ch mimo zoznamu sa \u0165ahaj\u00fa karty pod\u013ea d\u013a\u017eky slova, v\u017edy <strong data-start=\"2800\" data-end=\"2818\">o jednu kartu menej<\/strong>.<\/p><\/li><li data-start=\"2820\" data-end=\"2881\"><p data-start=\"2822\" data-end=\"2881\">V\u0161etky nepou\u017eit\u00e9 karty si hr\u00e1\u010d mus\u00ed vzia\u0165 sp\u00e4\u0165 do ruky.<\/p><\/li><\/ul><h3 data-start=\"2888\" data-end=\"2916\">Ak neviete zlo\u017ei\u0165 slovo<\/h3><ul data-start=\"2918\" data-end=\"3027\"><li data-start=\"2918\" data-end=\"2998\"><p data-start=\"2920\" data-end=\"2998\">\u0164ahajte si <strong data-start=\"2925\" data-end=\"2956\">jednu kartu z doberacej hrom\u00e1dky<\/strong> a v tomto \u0165ahu u\u017e nesmiete vyklada\u0165 \u017eiadne slov\u00e1.<\/p><\/li><li data-start=\"2999\" data-end=\"3027\"><p data-start=\"3001\" data-end=\"3027\">Potom vyho\u010fte <strong data-start=\"3014\" data-end=\"3026\">jednu kartu<\/strong>.<\/p><\/li><\/ul><p data-start=\"3029\" data-end=\"3182\">Po odohran\u00ed prv\u00e9ho slova v hre si m\u00f4\u017eete \u0165ahan\u00fa kartu ponecha\u0165 namiesto toho, aby ste ju vyhodili, \u010d\u00edm zv\u00fd\u0161ite svoje \u0161ance na vytvorenie slova nesk\u00f4r.<\/p><h3 data-start=\"3189\" data-end=\"3221\">\u0164ahanie z k\u00f4pky vyhoden\u00fdch kariet<\/h3><ul data-start=\"3223\" data-end=\"3505\"><li data-start=\"3223\" data-end=\"3348\"><p data-start=\"3225\" data-end=\"3348\">Ak si z odkladacieho bal\u00ed\u010dka vytiahnete kartu, m\u00f4\u017eete <strong data-start=\"3275\" data-end=\"3302\">okam\u017eite zahra\u0165 slovo<\/strong>. V takom pr\u00edpade kartu <strong data-start=\"3325\" data-end=\"3332\">neodhadzujete<\/strong>.<\/p><\/li><li data-start=\"3349\" data-end=\"3505\"><p data-start=\"3351\" data-end=\"3505\">Ak sa rozhodnete \u0165aha\u0165 z k\u00f4pky vyhoden\u00fdch kariet namiesto z k\u00f4pky na \u0165ahanie kariet a nezahr\u00e1te slovo, postupujte ako pri \u0165ahan\u00ed novej karty a potom jednu kartu odho\u010fte.<\/p><\/li><\/ul><h3 data-start=\"3512\" data-end=\"3533\">V\u00ed\u0165azn\u00e9 strat\u00e9gie<\/h3><h4 data-start=\"3535\" data-end=\"3559\">Strat\u00e9gia be\u017en\u00fdch slov<\/h4><p data-start=\"3560\" data-end=\"3640\">Tvorte be\u017en\u00e9 slov\u00e1 mimo zoznamu, aby ste si karty obnovili a vymenili.<\/p><h4 data-start=\"3642\" data-end=\"3662\">Pr\u00e9miov\u00e1 strat\u00e9gia<\/h4><p data-start=\"3663\" data-end=\"3740\">Sledujte ofici\u00e1lny zoznam slov a ukladajte si p\u00edsmen\u00e1 potrebn\u00e9 na vytvorenie pr\u00e9miov\u00fdch slov.<\/p><h4 data-start=\"3742\" data-end=\"3767\">Strat\u00e9gia v\u00ed\u0165azn\u00e9ho slova<\/h4><p data-start=\"3768\" data-end=\"3851\">Potichu zbierajte p\u00edsmen\u00e1 potrebn\u00e9 na vytvorenie v\u00ed\u0165azn\u00e9ho slova a v spr\u00e1vnom okamihu ho vylo\u017ete.<\/p>\t\t\t\t\t\t\t\t<\/div>\n\t\t\t\t<\/div>\n\t\t\t\t\t<\/div>\n\t\t\t\t<\/div>\n\t\t\t\t<\/div>\n\t\t","protected":false},"excerpt":{"rendered":"<p>Pravidl\u00e1 kartovej hry WordMeld Cie\u013e hry Cie\u013eom hry je zbavi\u0165 sa v\u0161etk\u00fdch kariet vytvoren\u00edm slov (pod\u013ea zvolenej jazykovej kombin\u00e1cie). Hru vyhr\u00e1va: hr\u00e1\u010d, ktor\u00fd sa ako prv\u00fd zbav\u00ed v\u0161etk\u00fdch svojich kariet (\u0161tandardn\u00e1 v\u00fdhra), alebo okam\u017eite ka\u017ed\u00fd hr\u00e1\u010d, ktor\u00fd vytvor\u00ed slovo &#8222;WordMeld &#8220; alebo in\u00e9 dohodnut\u00e9 v\u00ed\u0165azn\u00e9&hellip;<\/p>\n","protected":false},"author":1,"featured_media":0,"parent":0,"menu_order":0,"comment_status":"closed","ping_status":"closed","template":"","meta":{"footnotes":""},"class_list":["post-4440","page","type-page","status-publish","hentry"],"yoast_head":"<!-- This site is optimized with the Yoast SEO plugin v27.0 - https:\/\/yoast.com\/product\/yoast-seo-wordpress\/ -->\n<title>Pravidl\u00e1 kartovej hry WordMeld - WordMeld&reg;<\/title>\n<meta name=\"robots\" content=\"index, follow, max-snippet:-1, max-image-preview:large, max-video-preview:-1\" \/>\n<link rel=\"canonical\" href=\"https:\/\/www.wordmeld.cards\/sk\/pravidla-programu-wordmeld\/\" \/>\n<meta property=\"og:locale\" content=\"sk_SK\" \/>\n<meta property=\"og:type\" content=\"article\" \/>\n<meta property=\"og:title\" content=\"Pravidl\u00e1 kartovej hry WordMeld - WordMeld&reg;\" \/>\n<meta property=\"og:description\" content=\"Pravidl\u00e1 kartovej hry WordMeld Cie\u013e hry Cie\u013eom hry je zbavi\u0165 sa v\u0161etk\u00fdch kariet vytvoren\u00edm slov (pod\u013ea zvolenej jazykovej kombin\u00e1cie). Hru vyhr\u00e1va: hr\u00e1\u010d, ktor\u00fd sa ako prv\u00fd zbav\u00ed v\u0161etk\u00fdch svojich kariet (\u0161tandardn\u00e1 v\u00fdhra), alebo okam\u017eite ka\u017ed\u00fd hr\u00e1\u010d, ktor\u00fd vytvor\u00ed slovo &#8222;WordMeld &#8220; alebo in\u00e9 dohodnut\u00e9 v\u00ed\u0165azn\u00e9&hellip;\" \/>\n<meta property=\"og:url\" content=\"https:\/\/www.wordmeld.cards\/sk\/pravidla-programu-wordmeld\/\" \/>\n<meta property=\"og:site_name\" content=\"WordMeld&reg;\" \/>\n<meta property=\"article:publisher\" content=\"https:\/\/www.facebook.com\/WordMeldCards\/\" \/>\n<meta property=\"article:modified_time\" content=\"2026-02-23T14:55:43+00:00\" \/>\n<meta name=\"twitter:card\" content=\"summary_large_image\" \/>\n<meta name=\"twitter:label1\" content=\"Predpokladan\u00fd \u010das \u010d\u00edtania\" \/>\n\t<meta name=\"twitter:data1\" content=\"3 min\u00faty\" \/>\n<script type=\"application\/ld+json\" class=\"yoast-schema-graph\">{\"@context\":\"https:\/\/schema.org\",\"@graph\":[{\"@type\":\"WebPage\",\"@id\":\"https:\/\/www.wordmeld.cards\/sk\/pravidla-programu-wordmeld\/\",\"url\":\"https:\/\/www.wordmeld.cards\/sk\/pravidla-programu-wordmeld\/\",\"name\":\"Pravidl\u00e1 kartovej hry WordMeld - WordMeld&reg;\",\"isPartOf\":{\"@id\":\"https:\/\/www.wordmeld.cards\/sk\/#website\"},\"datePublished\":\"2026-01-26T13:29:41+00:00\",\"dateModified\":\"2026-02-23T14:55:43+00:00\",\"breadcrumb\":{\"@id\":\"https:\/\/www.wordmeld.cards\/sk\/pravidla-programu-wordmeld\/#breadcrumb\"},\"inLanguage\":\"sk-SK\",\"potentialAction\":[{\"@type\":\"ReadAction\",\"target\":[\"https:\/\/www.wordmeld.cards\/sk\/pravidla-programu-wordmeld\/\"]}]},{\"@type\":\"BreadcrumbList\",\"@id\":\"https:\/\/www.wordmeld.cards\/sk\/pravidla-programu-wordmeld\/#breadcrumb\",\"itemListElement\":[{\"@type\":\"ListItem\",\"position\":1,\"name\":\"Home\",\"item\":\"https:\/\/www.wordmeld.cards\/sk\/wordmeld\/\"},{\"@type\":\"ListItem\",\"position\":2,\"name\":\"Pravidl\u00e1 kartovej hry WordMeld\"}]},{\"@type\":\"WebSite\",\"@id\":\"https:\/\/www.wordmeld.cards\/sk\/#website\",\"url\":\"https:\/\/www.wordmeld.cards\/sk\/\",\"name\":\"WordMeld\u00ae\",\"description\":\"Unleash your inner linguist\",\"publisher\":{\"@id\":\"https:\/\/www.wordmeld.cards\/sk\/#organization\"},\"potentialAction\":[{\"@type\":\"SearchAction\",\"target\":{\"@type\":\"EntryPoint\",\"urlTemplate\":\"https:\/\/www.wordmeld.cards\/sk\/?s={search_term_string}\"},\"query-input\":{\"@type\":\"PropertyValueSpecification\",\"valueRequired\":true,\"valueName\":\"search_term_string\"}}],\"inLanguage\":\"sk-SK\"},{\"@type\":\"Organization\",\"@id\":\"https:\/\/www.wordmeld.cards\/sk\/#organization\",\"name\":\"WordMeld\u00ae\",\"url\":\"https:\/\/www.wordmeld.cards\/sk\/\",\"logo\":{\"@type\":\"ImageObject\",\"inLanguage\":\"sk-SK\",\"@id\":\"https:\/\/www.wordmeld.cards\/sk\/#\/schema\/logo\/image\/\",\"url\":\"https:\/\/www.wordmeld.cards\/wp-content\/uploads\/2025\/07\/cropped-cropped-wordmeld-logo-512.png\",\"contentUrl\":\"https:\/\/www.wordmeld.cards\/wp-content\/uploads\/2025\/07\/cropped-cropped-wordmeld-logo-512.png\",\"width\":512,\"height\":512,\"caption\":\"WordMeld\u00ae\"},\"image\":{\"@id\":\"https:\/\/www.wordmeld.cards\/sk\/#\/schema\/logo\/image\/\"},\"sameAs\":[\"https:\/\/www.facebook.com\/WordMeldCards\/\"]}]}<\/script>\n<!-- \/ Yoast SEO plugin. -->","yoast_head_json":{"title":"Pravidl\u00e1 kartovej hry WordMeld - WordMeld&reg;","robots":{"index":"index","follow":"follow","max-snippet":"max-snippet:-1","max-image-preview":"max-image-preview:large","max-video-preview":"max-video-preview:-1"},"canonical":"https:\/\/www.wordmeld.cards\/sk\/pravidla-programu-wordmeld\/","og_locale":"sk_SK","og_type":"article","og_title":"Pravidl\u00e1 kartovej hry WordMeld - WordMeld&reg;","og_description":"Pravidl\u00e1 kartovej hry WordMeld Cie\u013e hry Cie\u013eom hry je zbavi\u0165 sa v\u0161etk\u00fdch kariet vytvoren\u00edm slov (pod\u013ea zvolenej jazykovej kombin\u00e1cie). Hru vyhr\u00e1va: hr\u00e1\u010d, ktor\u00fd sa ako prv\u00fd zbav\u00ed v\u0161etk\u00fdch svojich kariet (\u0161tandardn\u00e1 v\u00fdhra), alebo okam\u017eite ka\u017ed\u00fd hr\u00e1\u010d, ktor\u00fd vytvor\u00ed slovo &#8222;WordMeld &#8220; alebo in\u00e9 dohodnut\u00e9 v\u00ed\u0165azn\u00e9&hellip;","og_url":"https:\/\/www.wordmeld.cards\/sk\/pravidla-programu-wordmeld\/","og_site_name":"WordMeld&reg;","article_publisher":"https:\/\/www.facebook.com\/WordMeldCards\/","article_modified_time":"2026-02-23T14:55:43+00:00","twitter_card":"summary_large_image","twitter_misc":{"Predpokladan\u00fd \u010das \u010d\u00edtania":"3 min\u00faty"},"schema":{"@context":"https:\/\/schema.org","@graph":[{"@type":"WebPage","@id":"https:\/\/www.wordmeld.cards\/sk\/pravidla-programu-wordmeld\/","url":"https:\/\/www.wordmeld.cards\/sk\/pravidla-programu-wordmeld\/","name":"Pravidl\u00e1 kartovej hry WordMeld - WordMeld&reg;","isPartOf":{"@id":"https:\/\/www.wordmeld.cards\/sk\/#website"},"datePublished":"2026-01-26T13:29:41+00:00","dateModified":"2026-02-23T14:55:43+00:00","breadcrumb":{"@id":"https:\/\/www.wordmeld.cards\/sk\/pravidla-programu-wordmeld\/#breadcrumb"},"inLanguage":"sk-SK","potentialAction":[{"@type":"ReadAction","target":["https:\/\/www.wordmeld.cards\/sk\/pravidla-programu-wordmeld\/"]}]},{"@type":"BreadcrumbList","@id":"https:\/\/www.wordmeld.cards\/sk\/pravidla-programu-wordmeld\/#breadcrumb","itemListElement":[{"@type":"ListItem","position":1,"name":"Home","item":"https:\/\/www.wordmeld.cards\/sk\/wordmeld\/"},{"@type":"ListItem","position":2,"name":"Pravidl\u00e1 kartovej hry WordMeld"}]},{"@type":"WebSite","@id":"https:\/\/www.wordmeld.cards\/sk\/#website","url":"https:\/\/www.wordmeld.cards\/sk\/","name":"WordMeld\u00ae","description":"Unleash your inner linguist","publisher":{"@id":"https:\/\/www.wordmeld.cards\/sk\/#organization"},"potentialAction":[{"@type":"SearchAction","target":{"@type":"EntryPoint","urlTemplate":"https:\/\/www.wordmeld.cards\/sk\/?s={search_term_string}"},"query-input":{"@type":"PropertyValueSpecification","valueRequired":true,"valueName":"search_term_string"}}],"inLanguage":"sk-SK"},{"@type":"Organization","@id":"https:\/\/www.wordmeld.cards\/sk\/#organization","name":"WordMeld\u00ae","url":"https:\/\/www.wordmeld.cards\/sk\/","logo":{"@type":"ImageObject","inLanguage":"sk-SK","@id":"https:\/\/www.wordmeld.cards\/sk\/#\/schema\/logo\/image\/","url":"https:\/\/www.wordmeld.cards\/wp-content\/uploads\/2025\/07\/cropped-cropped-wordmeld-logo-512.png","contentUrl":"https:\/\/www.wordmeld.cards\/wp-content\/uploads\/2025\/07\/cropped-cropped-wordmeld-logo-512.png","width":512,"height":512,"caption":"WordMeld\u00ae"},"image":{"@id":"https:\/\/www.wordmeld.cards\/sk\/#\/schema\/logo\/image\/"},"sameAs":["https:\/\/www.facebook.com\/WordMeldCards\/"]}]}},"_links":{"self":[{"href":"https:\/\/www.wordmeld.cards\/sk\/wp-json\/wp\/v2\/pages\/4440","targetHints":{"allow":["GET"]}}],"collection":[{"href":"https:\/\/www.wordmeld.cards\/sk\/wp-json\/wp\/v2\/pages"}],"about":[{"href":"https:\/\/www.wordmeld.cards\/sk\/wp-json\/wp\/v2\/types\/page"}],"author":[{"embeddable":true,"href":"https:\/\/www.wordmeld.cards\/sk\/wp-json\/wp\/v2\/users\/1"}],"replies":[{"embeddable":true,"href":"https:\/\/www.wordmeld.cards\/sk\/wp-json\/wp\/v2\/comments?post=4440"}],"version-history":[{"count":7,"href":"https:\/\/www.wordmeld.cards\/sk\/wp-json\/wp\/v2\/pages\/4440\/revisions"}],"predecessor-version":[{"id":4466,"href":"https:\/\/www.wordmeld.cards\/sk\/wp-json\/wp\/v2\/pages\/4440\/revisions\/4466"}],"wp:attachment":[{"href":"https:\/\/www.wordmeld.cards\/sk\/wp-json\/wp\/v2\/media?parent=4440"}],"curies":[{"name":"wp","href":"https:\/\/api.w.org\/{rel}","templated":true}]}}